{"id":5320,"date":"2020-04-29T13:04:34","date_gmt":"2020-04-29T17:04:34","guid":{"rendered":"https:\/\/www.firstquintile.com\/?page_id=5320"},"modified":"2020-04-29T13:09:48","modified_gmt":"2020-04-29T17:09:48","slug":"politique-de-confidentialite","status":"publish","type":"page","link":"https:\/\/firstquintile.com\/fr\/politique-de-confidentialite\/","title":{"rendered":"Politique de confidentialit\u00e9"},"content":{"rendered":"<p>[et_pb_section bb_built=\u00a0\u00bb1&Prime; inner_width=\u00a0\u00bbauto\u00a0\u00bb inner_max_width=\u00a0\u00bb1080px\u00a0\u00bb][et_pb_row][et_pb_column type=\u00a0\u00bb4_4&Prime; custom_padding__hover=\u00a0\u00bb|||\u00a0\u00bb custom_padding=\u00a0\u00bb|||\u00a0\u00bb][et_pb_post_title admin_label=\u00a0\u00bbPage Title\u00a0\u00bb _builder_version=\u00a0\u00bb4.4.4&Prime; meta=\u00a0\u00bboff\u00a0\u00bb featured_image=\u00a0\u00bboff\u00a0\u00bb text_shadow_horizontal_length=\u00a0\u00bbtext_shadow_style,%91object Object%93&Prime; text_shadow_horizontal_length_tablet=\u00a0\u00bb0px\u00a0\u00bb text_shadow_vertical_length=\u00a0\u00bbtext_shadow_style,%91object Object%93&Prime; text_shadow_vertical_length_tablet=\u00a0\u00bb0px\u00a0\u00bb text_shadow_blur_strength=\u00a0\u00bbtext_shadow_style,%91object Object%93&Prime; text_shadow_blur_strength_tablet=\u00a0\u00bb1px\u00a0\u00bb title_text_shadow_horizontal_length=\u00a0\u00bbtitle_text_shadow_style,%91object Object%93&Prime; title_text_shadow_horizontal_length_tablet=\u00a0\u00bb0px\u00a0\u00bb title_text_shadow_vertical_length=\u00a0\u00bbtitle_text_shadow_style,%91object Object%93&Prime; title_text_shadow_vertical_length_tablet=\u00a0\u00bb0px\u00a0\u00bb title_text_shadow_blur_strength=\u00a0\u00bbtitle_text_shadow_style,%91object Object%93&Prime; title_text_shadow_blur_strength_tablet=\u00a0\u00bb1px\u00a0\u00bb meta_text_shadow_horizontal_length=\u00a0\u00bbmeta_text_shadow_style,%91object Object%93&Prime; meta_text_shadow_horizontal_length_tablet=\u00a0\u00bb0px\u00a0\u00bb meta_text_shadow_vertical_length=\u00a0\u00bbmeta_text_shadow_style,%91object Object%93&Prime; meta_text_shadow_vertical_length_tablet=\u00a0\u00bb0px\u00a0\u00bb meta_text_shadow_blur_strength=\u00a0\u00bbmeta_text_shadow_style,%91object Object%93&Prime; meta_text_shadow_blur_strength_tablet=\u00a0\u00bb1px\u00a0\u00bb box_shadow_horizontal_tablet=\u00a0\u00bb0px\u00a0\u00bb box_shadow_vertical_tablet=\u00a0\u00bb0px\u00a0\u00bb box_shadow_blur_tablet=\u00a0\u00bb40px\u00a0\u00bb box_shadow_spread_tablet=\u00a0\u00bb0px\u00a0\u00bb vertical_offset_tablet=\u00a0\u00bb0&Prime; horizontal_offset_tablet=\u00a0\u00bb0&Prime; z_index_tablet=\u00a0\u00bb0&Prime; saved_tabs=\u00a0\u00bball\u00a0\u00bb \/][et_pb_text _builder_version=\u00a0\u00bb4.4.4&Prime; text_text_shadow_horizontal_length=\u00a0\u00bbtext_text_shadow_style,%91object Object%93&Prime; text_text_shadow_horizontal_length_tablet=\u00a0\u00bb0px\u00a0\u00bb text_text_shadow_vertical_length=\u00a0\u00bbtext_text_shadow_style,%91object Object%93&Prime; text_text_shadow_vertical_length_tablet=\u00a0\u00bb0px\u00a0\u00bb text_text_shadow_blur_strength=\u00a0\u00bbtext_text_shadow_style,%91object Object%93&Prime; text_text_shadow_blur_strength_tablet=\u00a0\u00bb1px\u00a0\u00bb link_text_shadow_horizontal_length=\u00a0\u00bblink_text_shadow_style,%91object Object%93&Prime; link_text_shadow_horizontal_length_tablet=\u00a0\u00bb0px\u00a0\u00bb link_text_shadow_vertical_length=\u00a0\u00bblink_text_shadow_style,%91object Object%93&Prime; link_text_shadow_vertical_length_tablet=\u00a0\u00bb0px\u00a0\u00bb link_text_shadow_blur_strength=\u00a0\u00bblink_text_shadow_style,%91object Object%93&Prime; link_text_shadow_blur_strength_tablet=\u00a0\u00bb1px\u00a0\u00bb ul_text_shadow_horizontal_length=\u00a0\u00bbul_text_shadow_style,%91object Object%93&Prime; ul_text_shadow_horizontal_length_tablet=\u00a0\u00bb0px\u00a0\u00bb ul_text_shadow_vertical_length=\u00a0\u00bbul_text_shadow_style,%91object Object%93&Prime; ul_text_shadow_vertical_length_tablet=\u00a0\u00bb0px\u00a0\u00bb ul_text_shadow_blur_strength=\u00a0\u00bbul_text_shadow_style,%91object Object%93&Prime; ul_text_shadow_blur_strength_tablet=\u00a0\u00bb1px\u00a0\u00bb ol_text_shadow_horizontal_length=\u00a0\u00bbol_text_shadow_style,%91object Object%93&Prime; ol_text_shadow_horizontal_length_tablet=\u00a0\u00bb0px\u00a0\u00bb ol_text_shadow_vertical_length=\u00a0\u00bbol_text_shadow_style,%91object Object%93&Prime; ol_text_shadow_vertical_length_tablet=\u00a0\u00bb0px\u00a0\u00bb ol_text_shadow_blur_strength=\u00a0\u00bbol_text_shadow_style,%91object Object%93&Prime; ol_text_shadow_blur_strength_tablet=\u00a0\u00bb1px\u00a0\u00bb quote_text_shadow_horizontal_length=\u00a0\u00bbquote_text_shadow_style,%91object Object%93&Prime; quote_text_shadow_horizontal_length_tablet=\u00a0\u00bb0px\u00a0\u00bb quote_text_shadow_vertical_length=\u00a0\u00bbquote_text_shadow_style,%91object Object%93&Prime; quote_text_shadow_vertical_length_tablet=\u00a0\u00bb0px\u00a0\u00bb quote_text_shadow_blur_strength=\u00a0\u00bbquote_text_shadow_style,%91object Object%93&Prime; quote_text_shadow_blur_strength_tablet=\u00a0\u00bb1px\u00a0\u00bb header_text_shadow_horizontal_length=\u00a0\u00bbheader_text_shadow_style,%91object Object%93&Prime; header_text_shadow_horizontal_length_tablet=\u00a0\u00bb0px\u00a0\u00bb header_text_shadow_vertical_length=\u00a0\u00bbheader_text_shadow_style,%91object Object%93&Prime; header_text_shadow_vertical_length_tablet=\u00a0\u00bb0px\u00a0\u00bb header_text_shadow_blur_strength=\u00a0\u00bbheader_text_shadow_style,%91object Object%93&Prime; header_text_shadow_blur_strength_tablet=\u00a0\u00bb1px\u00a0\u00bb header_2_text_shadow_horizontal_length=\u00a0\u00bbheader_2_text_shadow_style,%91object Object%93&Prime; header_2_text_shadow_horizontal_length_tablet=\u00a0\u00bb0px\u00a0\u00bb header_2_text_shadow_vertical_length=\u00a0\u00bbheader_2_text_shadow_style,%91object Object%93&Prime; header_2_text_shadow_vertical_length_tablet=\u00a0\u00bb0px\u00a0\u00bb header_2_text_shadow_blur_strength=\u00a0\u00bbheader_2_text_shadow_style,%91object Object%93&Prime; header_2_text_shadow_blur_strength_tablet=\u00a0\u00bb1px\u00a0\u00bb header_3_text_shadow_horizontal_length=\u00a0\u00bbheader_3_text_shadow_style,%91object Object%93&Prime; header_3_text_shadow_horizontal_length_tablet=\u00a0\u00bb0px\u00a0\u00bb header_3_text_shadow_vertical_length=\u00a0\u00bbheader_3_text_shadow_style,%91object Object%93&Prime; header_3_text_shadow_vertical_length_tablet=\u00a0\u00bb0px\u00a0\u00bb header_3_text_shadow_blur_strength=\u00a0\u00bbheader_3_text_shadow_style,%91object Object%93&Prime; header_3_text_shadow_blur_strength_tablet=\u00a0\u00bb1px\u00a0\u00bb header_4_text_shadow_horizontal_length=\u00a0\u00bbheader_4_text_shadow_style,%91object Object%93&Prime; header_4_text_shadow_horizontal_length_tablet=\u00a0\u00bb0px\u00a0\u00bb header_4_text_shadow_vertical_length=\u00a0\u00bbheader_4_text_shadow_style,%91object Object%93&Prime; header_4_text_shadow_vertical_length_tablet=\u00a0\u00bb0px\u00a0\u00bb header_4_text_shadow_blur_strength=\u00a0\u00bbheader_4_text_shadow_style,%91object Object%93&Prime; header_4_text_shadow_blur_strength_tablet=\u00a0\u00bb1px\u00a0\u00bb header_5_text_shadow_horizontal_length=\u00a0\u00bbheader_5_text_shadow_style,%91object Object%93&Prime; header_5_text_shadow_horizontal_length_tablet=\u00a0\u00bb0px\u00a0\u00bb header_5_text_shadow_vertical_length=\u00a0\u00bbheader_5_text_shadow_style,%91object Object%93&Prime; header_5_text_shadow_vertical_length_tablet=\u00a0\u00bb0px\u00a0\u00bb header_5_text_shadow_blur_strength=\u00a0\u00bbheader_5_text_shadow_style,%91object Object%93&Prime; header_5_text_shadow_blur_strength_tablet=\u00a0\u00bb1px\u00a0\u00bb header_6_text_shadow_horizontal_length=\u00a0\u00bbheader_6_text_shadow_style,%91object Object%93&Prime; header_6_text_shadow_horizontal_length_tablet=\u00a0\u00bb0px\u00a0\u00bb header_6_text_shadow_vertical_length=\u00a0\u00bbheader_6_text_shadow_style,%91object Object%93&Prime; header_6_text_shadow_vertical_length_tablet=\u00a0\u00bb0px\u00a0\u00bb header_6_text_shadow_blur_strength=\u00a0\u00bbheader_6_text_shadow_style,%91object Object%93&Prime; header_6_text_shadow_blur_strength_tablet=\u00a0\u00bb1px\u00a0\u00bb box_shadow_horizontal_tablet=\u00a0\u00bb0px\u00a0\u00bb box_shadow_vertical_tablet=\u00a0\u00bb0px\u00a0\u00bb box_shadow_blur_tablet=\u00a0\u00bb40px\u00a0\u00bb box_shadow_spread_tablet=\u00a0\u00bb0px\u00a0\u00bb vertical_offset_tablet=\u00a0\u00bb0&Prime; horizontal_offset_tablet=\u00a0\u00bb0&Prime; z_index_tablet=\u00a0\u00bb0&Prime;]<\/p>\n<p><strong>Quelles informations recueillons-nous?<\/strong><\/p>\n<p>Nous recueillons des informations lorsque vous vous inscrivez sur notre site, passer une commande, abonnez-vous \u00e0 notre newsletter, de r\u00e9pondre \u00e0 un sondage ou remplir un formulaire.<\/p>\n<p>Lors de la commande ou en vous inscrivant sur notre site, le cas \u00e9ch\u00e9ant, vous pouvez \u00eatre invit\u00e9 \u00e0 entrer votre nom, adresse e-mail, adresse postale, num\u00e9ro de t\u00e9l\u00e9phone ou Business Information.<\/p>\n<p>Google, comme un fournisseur tiers, utilise des cookies pour diffuser des annonces sur votre site. L&rsquo;utilisation par Google du cookie DART lui permet de diffuser des annonces aux utilisateurs en fonction de leur visite \u00e0 vos sites et d&rsquo;autres sites sur Internet. Les utilisateurs peuvent d\u00e9sactiver l&rsquo;utilisation du cookie DART en visitant les annonces et le r\u00e9seau de contenu politique de confidentialit\u00e9 de Google ..<\/p>\n<p><strong>Qu&rsquo;est-ce que nous utilisons vos informations?<\/strong><\/p>\n<p>Toute l&rsquo;information que nous recueillons aupr\u00e8s de vous peuvent \u00eatre utilis\u00e9s dans l&rsquo;une des fa\u00e7ons suivantes:<\/p>\n<ul>\n<li>Pour am\u00e9liorer notre site web<br \/>(Nous nous effor\u00e7ons continuellement d&rsquo;am\u00e9liorer nos offres web bas\u00e9e sur l&rsquo;information et les commentaires que nous recevons de vous)<\/li>\n<\/ul>\n<ul>\n<li>Pour am\u00e9liorer le service \u00e0 la client\u00e8le<br \/>(Votre information nous aide \u00e0 r\u00e9pondre plus efficacement \u00e0 vos demandes de service \u00e0 la client\u00e8le et les besoins de soutien)<\/li>\n<\/ul>\n<ul>\n<li>Pour traiter les transactions<br \/>Vos informations, qu&rsquo;elles soient publiques ou priv\u00e9es, ne seront pas vendus, \u00e9chang\u00e9s, transf\u00e9r\u00e9s ou accord\u00e9 \u00e0 une quelconque autre soci\u00e9t\u00e9 pour quelque raison que ce soit, sans votre consentement, sauf dans le but expr\u00e8s de livrer le produit ou le service achet\u00e9 demand\u00e9.<\/li>\n<\/ul>\n<ul>\n<li>Pour administrer un concours, une promotion, un sondage ou autre aspect du site<\/li>\n<\/ul>\n<ul>\n<li>Pour envoyer des courriels p\u00e9riodiques<br \/>L&rsquo;adresse email que vous fournissez pour le traitement de la commande, peut \u00eatre utilis\u00e9e pour vous envoyer des informations et mises \u00e0 jour relatives \u00e0 votre commande, en plus de recevoir nouvelles de la soci\u00e9t\u00e9, des mises \u00e0 jour, produit ou service li\u00e9 informations occasionnelles, etc.<\/li>\n<\/ul>\n<p>Remarque: Si \u00e0 tout moment vous souhaitez vous d\u00e9sinscrire \u00e0 partir d&rsquo;instructions de d\u00e9sabonnement r\u00e9ception des courriels, nous incluons d\u00e9taill\u00e9e au bas de chaque e-mail.<\/p>\n<p><strong>Utilisons-nous des cookies? [<a href=\"https:\/\/firstquintile.com\/fr\/politique-des-cookies\/\">Notre Politique des Cookies<\/a>]<\/strong><\/p>\n<p>Oui (cookies sont de petits fichiers qu&rsquo;un site ou son prestataire de services \u00e0 vos disque dur via votre navigateur Web (si vous permettez) qui permet aux sites ou aux fournisseurs de services de reconna\u00eetre votre navigateur et de capturer et m\u00e9moriser certaines informations<\/p>\n<p>Nous utilisons les cookies pour compiler des donn\u00e9es globales sur le trafic du site et l&rsquo;interaction du site afin que nous puissions offrir de meilleures exp\u00e9riences de sites et d&rsquo;outils \u00e0 l&rsquo;avenir. Nous pouvons faire appel \u00e0 des fournisseurs de services tiers pour nous aider \u00e0 mieux comprendre nos visiteurs. Ces fournisseurs de services ne sont pas autoris\u00e9s \u00e0 utiliser les renseignements recueillis en notre nom, sauf pour nous aider \u00e0 mener et d&rsquo;am\u00e9liorer notre entreprise.<\/p>\n<p><strong>Avons-nous divulguer toute information \u00e0 des tiers?<\/strong><\/p>\n<p>Nous ne vendons pas, le commerce, ou autrement transf\u00e9rer \u00e0 des tiers vos informations personnelles identifiables. Cela ne inclut pas les tiers de confiance qui nous aident \u00e0 exploiter notre site Web, la conduite de nos affaires, ou vous servir, tant que ces parties conviennent de garder cette information confidentielle. Nous pouvons \u00e9galement divulguer vos informations lorsque nous croyons n\u00e9cessaire pour se conformer \u00e0 la loi, appliquer nos politiques de site, ou de prot\u00e9ger nos droits ou d&rsquo;autres, la propri\u00e9t\u00e9 ou la s\u00e9curit\u00e9. Cependant, l&rsquo;information des visiteurs non-personnellement identifiables peuvent \u00eatre fournies \u00e0 d&rsquo;autres parties pour le marketing, la publicit\u00e9, ou d&rsquo;autres utilisations.<\/p>\n<p><strong>Childrens Online Privacy Protection Act conformit\u00e9<\/strong><\/p>\n<p>Nous sommes en conformit\u00e9 avec les exigences de la COPPA (Childrens Online Privacy Protection Act), nous ne recueillons aucune information de toute personne de moins de 13 ans. Notre site Web, produits et services sont dirig\u00e9s vers les personnes qui sont au moins 13 ans ou plus.<\/p>\n<p><strong>Politique de confidentialit\u00e9 en ligne seulement<\/strong><\/p>\n<p>Cette politique de confidentialit\u00e9 en ligne se applique uniquement aux informations collect\u00e9es gr\u00e2ce \u00e0 notre site et non aux informations recueillies hors ligne.<\/p>\n<p><strong>Votre consentement<\/strong><\/p>\n<p>En utilisant notre site, vous consentez \u00e0 notre politique de confidentialit\u00e9.<\/p>\n<p><strong>Changements \u00e0 notre Politique de confidentialit\u00e9<\/strong><\/p>\n<p>Si nous d\u00e9cidons de changer notre politique de confidentialit\u00e9, nous afficherons ces modifications sur cette page.<\/p>\n<p><strong>Pour nous contacter<\/strong><\/p>\n<p>Se il ya des questions concernant cette politique de confidentialit\u00e9, vous pouvez <a title=\"Contact\" href=\"https:\/\/firstquintile.com\/fr\/contact\/\">nous contacter<\/a>.<\/p>\n<p>[\/et_pb_text][\/et_pb_column][\/et_pb_row][\/et_pb_section]<\/p>\n","protected":false},"excerpt":{"rendered":"<p><div class=\"et_pb_row et_pb_row_0 et_pb_row_empty\">\n\t\t\t\t\n\t\t\t\t\n\t\t\t\t\n\t\t\t\t\n\t\t\t\t\n\t\t\t<\/div> Quelles informations recueillons-nous? Nous recueillons des informations lorsque vous vous inscrivez sur notre site, passer une commande, abonnez-vous \u00e0 notre newsletter, de r\u00e9pondre \u00e0 un sondage ou remplir un formulaire. Lors de la commande ou en vous inscrivant sur notre site, le cas \u00e9ch\u00e9ant, vous pouvez \u00eatre invit\u00e9 \u00e0 entrer votre nom, adresse e-mail, [&hellip;]<\/p>\n","protected":false},"author":1,"featured_media":0,"parent":0,"menu_order":0,"comment_status":"closed","ping_status":"closed","template":"","meta":{"_et_pb_use_builder":"on","_et_pb_old_content":"","_et_gb_content_width":"","footnotes":""},"class_list":["post-5320","page","type-page","status-publish","hentry"],"yoast_head":"<!-- This site is optimized with the Yoast SEO plugin v27.1.1 - https:\/\/yoast.com\/product\/yoast-seo-wordpress\/ -->\n<title>FirstQuintile &#187; Politique de confidentialit\u00e9<\/title>\n<meta name=\"robots\" content=\"index, follow, max-snippet:-1, max-image-preview:large, max-video-preview:-1\" \/>\n<link rel=\"canonical\" href=\"https:\/\/firstquintile.com\/fr\/politique-de-confidentialite\/\" \/>\n<meta property=\"og:locale\" content=\"fr_FR\" \/>\n<meta property=\"og:type\" content=\"article\" \/>\n<meta property=\"og:title\" content=\"FirstQuintile &#187; Politique de confidentialit\u00e9\" \/>\n<meta property=\"og:description\" content=\"Quelles informations recueillons-nous? Nous recueillons des informations lorsque vous vous inscrivez sur notre site, passer une commande, abonnez-vous \u00e0 notre newsletter, de r\u00e9pondre \u00e0 un sondage ou remplir un formulaire. Lors de la commande ou en vous inscrivant sur notre site, le cas \u00e9ch\u00e9ant, vous pouvez \u00eatre invit\u00e9 \u00e0 entrer votre nom, adresse e-mail, [&hellip;]\" \/>\n<meta property=\"og:url\" content=\"https:\/\/firstquintile.com\/fr\/politique-de-confidentialite\/\" \/>\n<meta property=\"og:site_name\" content=\"FirstQuintile Information Technologies\" \/>\n<meta property=\"article:modified_time\" content=\"2020-04-29T17:09:48+00:00\" \/>\n<meta property=\"og:image\" content=\"https:\/\/firstquintile.com\/wp-content\/uploads\/2023\/02\/FirstQuintile-Consulting-Canada-1.png\" \/>\n\t<meta property=\"og:image:width\" content=\"800\" \/>\n\t<meta property=\"og:image:height\" content=\"539\" \/>\n\t<meta property=\"og:image:type\" content=\"image\/png\" \/>\n<meta name=\"twitter:label1\" content=\"Dur\u00e9e de lecture estim\u00e9e\" \/>\n\t<meta name=\"twitter:data1\" content=\"8 minutes\" \/>\n<script type=\"application\/ld+json\" class=\"yoast-schema-graph\">{\"@context\":\"https:\/\/schema.org\",\"@graph\":[{\"@type\":\"WebPage\",\"@id\":\"https:\/\/firstquintile.com\/fr\/politique-de-confidentialite\/\",\"url\":\"https:\/\/firstquintile.com\/fr\/politique-de-confidentialite\/\",\"name\":\"FirstQuintile &#187; Politique de confidentialit\u00e9\",\"isPartOf\":{\"@id\":\"https:\/\/firstquintile.com\/fr\/#website\"},\"datePublished\":\"2020-04-29T17:04:34+00:00\",\"dateModified\":\"2020-04-29T17:09:48+00:00\",\"inLanguage\":\"fr-FR\",\"potentialAction\":[{\"@type\":\"ReadAction\",\"target\":[\"https:\/\/firstquintile.com\/fr\/politique-de-confidentialite\/\"]}]},{\"@type\":\"WebSite\",\"@id\":\"https:\/\/firstquintile.com\/fr\/#website\",\"url\":\"https:\/\/firstquintile.com\/fr\/\",\"name\":\"FirstQuintile Information Technologies\",\"description\":\"Technology Consulting, Business &amp; Engineering\",\"publisher\":{\"@id\":\"https:\/\/firstquintile.com\/fr\/#organization\"},\"potentialAction\":[{\"@type\":\"SearchAction\",\"target\":{\"@type\":\"EntryPoint\",\"urlTemplate\":\"https:\/\/firstquintile.com\/fr\/?s={search_term_string}\"},\"query-input\":{\"@type\":\"PropertyValueSpecification\",\"valueRequired\":true,\"valueName\":\"search_term_string\"}}],\"inLanguage\":\"fr-FR\"},{\"@type\":\"Organization\",\"@id\":\"https:\/\/firstquintile.com\/fr\/#organization\",\"name\":\"FirstQuintile Information Technologies\",\"url\":\"https:\/\/firstquintile.com\/fr\/\",\"logo\":{\"@type\":\"ImageObject\",\"inLanguage\":\"fr-FR\",\"@id\":\"https:\/\/firstquintile.com\/fr\/#\/schema\/logo\/image\/\",\"url\":\"https:\/\/firstquintile.com\/wp-content\/uploads\/2023\/03\/firstquintile-logo-2023-1.png\",\"contentUrl\":\"https:\/\/firstquintile.com\/wp-content\/uploads\/2023\/03\/firstquintile-logo-2023-1.png\",\"width\":650,\"height\":200,\"caption\":\"FirstQuintile Information Technologies\"},\"image\":{\"@id\":\"https:\/\/firstquintile.com\/fr\/#\/schema\/logo\/image\/\"}}]}<\/script>\n<!-- \/ Yoast SEO plugin. -->","yoast_head_json":{"title":"FirstQuintile &#187; Politique de confidentialit\u00e9","robots":{"index":"index","follow":"follow","max-snippet":"max-snippet:-1","max-image-preview":"max-image-preview:large","max-video-preview":"max-video-preview:-1"},"canonical":"https:\/\/firstquintile.com\/fr\/politique-de-confidentialite\/","og_locale":"fr_FR","og_type":"article","og_title":"FirstQuintile &#187; Politique de confidentialit\u00e9","og_description":"Quelles informations recueillons-nous? Nous recueillons des informations lorsque vous vous inscrivez sur notre site, passer une commande, abonnez-vous \u00e0 notre newsletter, de r\u00e9pondre \u00e0 un sondage ou remplir un formulaire. Lors de la commande ou en vous inscrivant sur notre site, le cas \u00e9ch\u00e9ant, vous pouvez \u00eatre invit\u00e9 \u00e0 entrer votre nom, adresse e-mail, [&hellip;]","og_url":"https:\/\/firstquintile.com\/fr\/politique-de-confidentialite\/","og_site_name":"FirstQuintile Information Technologies","article_modified_time":"2020-04-29T17:09:48+00:00","og_image":[{"width":800,"height":539,"url":"https:\/\/firstquintile.com\/wp-content\/uploads\/2023\/02\/FirstQuintile-Consulting-Canada-1.png","type":"image\/png"}],"twitter_misc":{"Dur\u00e9e de lecture estim\u00e9e":"8 minutes"},"schema":{"@context":"https:\/\/schema.org","@graph":[{"@type":"WebPage","@id":"https:\/\/firstquintile.com\/fr\/politique-de-confidentialite\/","url":"https:\/\/firstquintile.com\/fr\/politique-de-confidentialite\/","name":"FirstQuintile &#187; Politique de confidentialit\u00e9","isPartOf":{"@id":"https:\/\/firstquintile.com\/fr\/#website"},"datePublished":"2020-04-29T17:04:34+00:00","dateModified":"2020-04-29T17:09:48+00:00","inLanguage":"fr-FR","potentialAction":[{"@type":"ReadAction","target":["https:\/\/firstquintile.com\/fr\/politique-de-confidentialite\/"]}]},{"@type":"WebSite","@id":"https:\/\/firstquintile.com\/fr\/#website","url":"https:\/\/firstquintile.com\/fr\/","name":"FirstQuintile Information Technologies","description":"Technology Consulting, Business &amp; Engineering","publisher":{"@id":"https:\/\/firstquintile.com\/fr\/#organization"},"potentialAction":[{"@type":"SearchAction","target":{"@type":"EntryPoint","urlTemplate":"https:\/\/firstquintile.com\/fr\/?s={search_term_string}"},"query-input":{"@type":"PropertyValueSpecification","valueRequired":true,"valueName":"search_term_string"}}],"inLanguage":"fr-FR"},{"@type":"Organization","@id":"https:\/\/firstquintile.com\/fr\/#organization","name":"FirstQuintile Information Technologies","url":"https:\/\/firstquintile.com\/fr\/","logo":{"@type":"ImageObject","inLanguage":"fr-FR","@id":"https:\/\/firstquintile.com\/fr\/#\/schema\/logo\/image\/","url":"https:\/\/firstquintile.com\/wp-content\/uploads\/2023\/03\/firstquintile-logo-2023-1.png","contentUrl":"https:\/\/firstquintile.com\/wp-content\/uploads\/2023\/03\/firstquintile-logo-2023-1.png","width":650,"height":200,"caption":"FirstQuintile Information Technologies"},"image":{"@id":"https:\/\/firstquintile.com\/fr\/#\/schema\/logo\/image\/"}}]}},"_links":{"self":[{"href":"https:\/\/firstquintile.com\/fr\/wp-json\/wp\/v2\/pages\/5320","targetHints":{"allow":["GET"]}}],"collection":[{"href":"https:\/\/firstquintile.com\/fr\/wp-json\/wp\/v2\/pages"}],"about":[{"href":"https:\/\/firstquintile.com\/fr\/wp-json\/wp\/v2\/types\/page"}],"author":[{"embeddable":true,"href":"https:\/\/firstquintile.com\/fr\/wp-json\/wp\/v2\/users\/1"}],"replies":[{"embeddable":true,"href":"https:\/\/firstquintile.com\/fr\/wp-json\/wp\/v2\/comments?post=5320"}],"version-history":[{"count":1,"href":"https:\/\/firstquintile.com\/fr\/wp-json\/wp\/v2\/pages\/5320\/revisions"}],"predecessor-version":[{"id":5327,"href":"https:\/\/firstquintile.com\/fr\/wp-json\/wp\/v2\/pages\/5320\/revisions\/5327"}],"wp:attachment":[{"href":"https:\/\/firstquintile.com\/fr\/wp-json\/wp\/v2\/media?parent=5320"}],"curies":[{"name":"wp","href":"https:\/\/api.w.org\/{rel}","templated":true}]}}