{"id":5310,"date":"2020-04-29T12:50:27","date_gmt":"2020-04-29T16:50:27","guid":{"rendered":"https:\/\/www.firstquintile.com\/cookie-policy\/"},"modified":"2020-04-29T12:56:08","modified_gmt":"2020-04-29T16:56:08","slug":"politique-des-cookies","status":"publish","type":"page","link":"https:\/\/firstquintile.com\/fr\/politique-des-cookies\/","title":{"rendered":"Politique des cookies"},"content":{"rendered":"<p>[et_pb_section bb_built=\u00a0\u00bb1&Prime; inner_width=\u00a0\u00bbauto\u00a0\u00bb inner_max_width=\u00a0\u00bb1080px\u00a0\u00bb][et_pb_row][et_pb_column type=\u00a0\u00bb4_4&Prime; custom_padding__hover=\u00a0\u00bb|||\u00a0\u00bb custom_padding=\u00a0\u00bb|||\u00a0\u00bb][et_pb_text _builder_version=\u00a0\u00bb4.4.4&Prime; text_text_shadow_horizontal_length=\u00a0\u00bbtext_text_shadow_style,%91object Object%93&Prime; text_text_shadow_horizontal_length_tablet=\u00a0\u00bb0px\u00a0\u00bb text_text_shadow_vertical_length=\u00a0\u00bbtext_text_shadow_style,%91object Object%93&Prime; text_text_shadow_vertical_length_tablet=\u00a0\u00bb0px\u00a0\u00bb text_text_shadow_blur_strength=\u00a0\u00bbtext_text_shadow_style,%91object Object%93&Prime; text_text_shadow_blur_strength_tablet=\u00a0\u00bb1px\u00a0\u00bb link_text_shadow_horizontal_length=\u00a0\u00bblink_text_shadow_style,%91object Object%93&Prime; link_text_shadow_horizontal_length_tablet=\u00a0\u00bb0px\u00a0\u00bb link_text_shadow_vertical_length=\u00a0\u00bblink_text_shadow_style,%91object Object%93&Prime; link_text_shadow_vertical_length_tablet=\u00a0\u00bb0px\u00a0\u00bb link_text_shadow_blur_strength=\u00a0\u00bblink_text_shadow_style,%91object Object%93&Prime; link_text_shadow_blur_strength_tablet=\u00a0\u00bb1px\u00a0\u00bb ul_text_shadow_horizontal_length=\u00a0\u00bbul_text_shadow_style,%91object Object%93&Prime; ul_text_shadow_horizontal_length_tablet=\u00a0\u00bb0px\u00a0\u00bb ul_text_shadow_vertical_length=\u00a0\u00bbul_text_shadow_style,%91object Object%93&Prime; ul_text_shadow_vertical_length_tablet=\u00a0\u00bb0px\u00a0\u00bb ul_text_shadow_blur_strength=\u00a0\u00bbul_text_shadow_style,%91object Object%93&Prime; ul_text_shadow_blur_strength_tablet=\u00a0\u00bb1px\u00a0\u00bb ol_text_shadow_horizontal_length=\u00a0\u00bbol_text_shadow_style,%91object Object%93&Prime; ol_text_shadow_horizontal_length_tablet=\u00a0\u00bb0px\u00a0\u00bb ol_text_shadow_vertical_length=\u00a0\u00bbol_text_shadow_style,%91object Object%93&Prime; ol_text_shadow_vertical_length_tablet=\u00a0\u00bb0px\u00a0\u00bb ol_text_shadow_blur_strength=\u00a0\u00bbol_text_shadow_style,%91object Object%93&Prime; ol_text_shadow_blur_strength_tablet=\u00a0\u00bb1px\u00a0\u00bb quote_text_shadow_horizontal_length=\u00a0\u00bbquote_text_shadow_style,%91object Object%93&Prime; quote_text_shadow_horizontal_length_tablet=\u00a0\u00bb0px\u00a0\u00bb quote_text_shadow_vertical_length=\u00a0\u00bbquote_text_shadow_style,%91object Object%93&Prime; quote_text_shadow_vertical_length_tablet=\u00a0\u00bb0px\u00a0\u00bb quote_text_shadow_blur_strength=\u00a0\u00bbquote_text_shadow_style,%91object Object%93&Prime; quote_text_shadow_blur_strength_tablet=\u00a0\u00bb1px\u00a0\u00bb header_text_shadow_horizontal_length=\u00a0\u00bbheader_text_shadow_style,%91object Object%93&Prime; header_text_shadow_horizontal_length_tablet=\u00a0\u00bb0px\u00a0\u00bb header_text_shadow_vertical_length=\u00a0\u00bbheader_text_shadow_style,%91object Object%93&Prime; header_text_shadow_vertical_length_tablet=\u00a0\u00bb0px\u00a0\u00bb header_text_shadow_blur_strength=\u00a0\u00bbheader_text_shadow_style,%91object Object%93&Prime; header_text_shadow_blur_strength_tablet=\u00a0\u00bb1px\u00a0\u00bb header_2_text_shadow_horizontal_length=\u00a0\u00bbheader_2_text_shadow_style,%91object Object%93&Prime; header_2_text_shadow_horizontal_length_tablet=\u00a0\u00bb0px\u00a0\u00bb header_2_text_shadow_vertical_length=\u00a0\u00bbheader_2_text_shadow_style,%91object Object%93&Prime; header_2_text_shadow_vertical_length_tablet=\u00a0\u00bb0px\u00a0\u00bb header_2_text_shadow_blur_strength=\u00a0\u00bbheader_2_text_shadow_style,%91object Object%93&Prime; header_2_text_shadow_blur_strength_tablet=\u00a0\u00bb1px\u00a0\u00bb header_3_text_shadow_horizontal_length=\u00a0\u00bbheader_3_text_shadow_style,%91object Object%93&Prime; header_3_text_shadow_horizontal_length_tablet=\u00a0\u00bb0px\u00a0\u00bb header_3_text_shadow_vertical_length=\u00a0\u00bbheader_3_text_shadow_style,%91object Object%93&Prime; header_3_text_shadow_vertical_length_tablet=\u00a0\u00bb0px\u00a0\u00bb header_3_text_shadow_blur_strength=\u00a0\u00bbheader_3_text_shadow_style,%91object Object%93&Prime; header_3_text_shadow_blur_strength_tablet=\u00a0\u00bb1px\u00a0\u00bb header_4_text_shadow_horizontal_length=\u00a0\u00bbheader_4_text_shadow_style,%91object Object%93&Prime; header_4_text_shadow_horizontal_length_tablet=\u00a0\u00bb0px\u00a0\u00bb header_4_text_shadow_vertical_length=\u00a0\u00bbheader_4_text_shadow_style,%91object Object%93&Prime; header_4_text_shadow_vertical_length_tablet=\u00a0\u00bb0px\u00a0\u00bb header_4_text_shadow_blur_strength=\u00a0\u00bbheader_4_text_shadow_style,%91object Object%93&Prime; header_4_text_shadow_blur_strength_tablet=\u00a0\u00bb1px\u00a0\u00bb header_5_text_shadow_horizontal_length=\u00a0\u00bbheader_5_text_shadow_style,%91object Object%93&Prime; header_5_text_shadow_horizontal_length_tablet=\u00a0\u00bb0px\u00a0\u00bb header_5_text_shadow_vertical_length=\u00a0\u00bbheader_5_text_shadow_style,%91object Object%93&Prime; header_5_text_shadow_vertical_length_tablet=\u00a0\u00bb0px\u00a0\u00bb header_5_text_shadow_blur_strength=\u00a0\u00bbheader_5_text_shadow_style,%91object Object%93&Prime; header_5_text_shadow_blur_strength_tablet=\u00a0\u00bb1px\u00a0\u00bb header_6_text_shadow_horizontal_length=\u00a0\u00bbheader_6_text_shadow_style,%91object Object%93&Prime; header_6_text_shadow_horizontal_length_tablet=\u00a0\u00bb0px\u00a0\u00bb header_6_text_shadow_vertical_length=\u00a0\u00bbheader_6_text_shadow_style,%91object Object%93&Prime; header_6_text_shadow_vertical_length_tablet=\u00a0\u00bb0px\u00a0\u00bb header_6_text_shadow_blur_strength=\u00a0\u00bbheader_6_text_shadow_style,%91object Object%93&Prime; header_6_text_shadow_blur_strength_tablet=\u00a0\u00bb1px\u00a0\u00bb box_shadow_horizontal_tablet=\u00a0\u00bb0px\u00a0\u00bb box_shadow_vertical_tablet=\u00a0\u00bb0px\u00a0\u00bb box_shadow_blur_tablet=\u00a0\u00bb40px\u00a0\u00bb box_shadow_spread_tablet=\u00a0\u00bb0px\u00a0\u00bb vertical_offset_tablet=\u00a0\u00bb0&Prime; horizontal_offset_tablet=\u00a0\u00bb0&Prime; z_index_tablet=\u00a0\u00bb0&Prime;]<\/p>\n<h1>Politique du cookie<\/h1>\n<p>Cette politique en mati\u00e8re de cookies (\u00a0\u00bb Politique \u00ab\u00a0) d\u00e9crit ce que sont les cookies et comment l&rsquo;Op\u00e9rateur du site Web (\u00a0\u00bb Exploitant du site Web \u00ab\u00a0, \u00a0\u00bb nous \u00ab\u00a0, \u00a0\u00bb notre \u00a0\u00bb ou \u00a0\u00bb nos \u00ab\u00a0) les utilise sur le site Web firstquintile.com et sur l&rsquo;un de ses produits ou services (collectivement, le \u00a0\u00bb site Web \u00a0\u00bb ou les \u00a0\u00bb services \u00ab\u00a0).<\/p>\n<p>Vous devriez lire cette Politique afin de comprendre quel type de cookies nous utilisons, les informations que nous recueillons \u00e0 l&rsquo;aide des cookies et comment ces informations sont utilis\u00e9es. Elle d\u00e9crit \u00e9galement les choix qui s&rsquo;offrent \u00e0 vous concernant l&rsquo;acceptation ou le refus de l&rsquo;utilisation des cookies. Pour plus d&rsquo;informations sur la fa\u00e7on dont nous utilisons, stockons et prot\u00e9geons vos donn\u00e9es personnelles, consultez notre <a href=\"https:\/\/firstquintile.com\/fr\/privacy-policy\" target=\"_blank\" rel=\"nofollow noopener noreferrer\">Politique de confidentialit\u00e9<\/a>.<\/p>\n<h2>C&rsquo;est quoi les cookies ?<\/h2>\n<p>Les cookies sont de petits \u00e9l\u00e9ments de donn\u00e9es stock\u00e9s dans des fichiers texte qui sont enregistr\u00e9s sur votre ordinateur ou d&rsquo;autres appareils lorsque des sites Web sont charg\u00e9s dans un navigateur. Ils sont largement utilis\u00e9s pour se souvenir de vous et de vos pr\u00e9f\u00e9rences, soit pour une seule visite (par le biais d&rsquo;un \u00ab\u00a0cookie de session \u00ab\u00a0) soit pour des visites r\u00e9p\u00e9t\u00e9es (par le biais d&rsquo;un \u00a0\u00bb cookie persistant \u00ab\u00a0).<\/p>\n<p>Les t\u00e9moins de session sont des t\u00e9moins temporaires qui sont utilis\u00e9s au cours de votre visite sur le site Web et qui expirent lorsque vous fermez le navigateur Web.<\/p>\n<p>Les cookies persistants sont utilis\u00e9s pour m\u00e9moriser vos pr\u00e9f\u00e9rences dans notre site Web et restent sur votre bureau ou votre appareil mobile m\u00eame apr\u00e8s avoir ferm\u00e9 votre navigateur ou red\u00e9marr\u00e9 votre ordinateur. Ils vous assurent une exp\u00e9rience coh\u00e9rente et efficace lors de votre visite sur notre site Web ou de l&rsquo;utilisation de nos services.<\/p>\n<p>Les cookies peuvent \u00eatre d\u00e9finis par le site Web (\u00a0\u00bb cookies de premi\u00e8re partie \u00ab\u00a0), ou par des tiers, tels que ceux qui servent le contenu ou fournissent des services de publicit\u00e9 ou d&rsquo;analyse sur le site Web (\u00a0\u00bb cookies tierce partie \u00ab\u00a0). Ces tiers peuvent vous reconna\u00eetre lorsque vous visitez notre site Web et \u00e9galement lorsque vous visitez certains autres sites Web.<\/p>\n<h2>Quel type de cookies utilisons-nous ?<\/h2>\n<h3>Fonctionnalit\u00e9 des cookies<\/h3>\n<p>Les cookies de fonctionnalit\u00e9 nous permettent d&rsquo;exploiter le Site Internet et nos Services conform\u00e9ment aux choix que vous faites. Par exemple, nous reconna\u00eetrons votre nom d&rsquo;utilisateur et nous nous souviendrons de la fa\u00e7on dont vous avez personnalis\u00e9 le Site Web et les Services lors de vos prochaines visites.<\/p>\n<h3>Cookies analytiques<\/h3>\n<p>Ces cookies nous permettent, ainsi qu&rsquo;\u00e0 des services tiers, de recueillir des donn\u00e9es agr\u00e9g\u00e9es \u00e0 des fins statistiques sur la fa\u00e7on dont nos visiteurs utilisent le site Web. Ces cookies ne contiennent pas d&rsquo;informations personnelles telles que les noms et les adresses e-mail et sont utilis\u00e9s pour nous aider \u00e0 am\u00e9liorer votre exp\u00e9rience d&rsquo;utilisateur du site Web.<\/p>\n<h3>Cookies des m\u00e9dias sociaux<\/h3>\n<p>Les cookies de tiers provenant de sites de m\u00e9dias sociaux (tels que Facebook, Twitter, etc.) nous permettent de suivre les utilisateurs de r\u00e9seaux sociaux lorsqu&rsquo;ils visitent notre site Web, utilisent nos services ou partagent du contenu, en utilisant un m\u00e9canisme de marquage fourni par ces r\u00e9seaux sociaux.<\/p>\n<p>Ces cookies sont \u00e9galement utilis\u00e9s \u00e0 des fins de suivi des \u00e9v\u00e9nements et de recommercialisation. Toutes les donn\u00e9es recueillies avec ces balises seront utilis\u00e9es conform\u00e9ment \u00e0 nos politiques de confidentialit\u00e9 et \u00e0 celles des r\u00e9seaux sociaux. Nous ne recueillerons ni ne partagerons aucune information personnelle identifiable de l&rsquo;utilisateur.<\/p>\n<h2>Quelles sont vos options de cookie ?<\/h2>\n<p>Si vous n&rsquo;aimez pas l&rsquo;id\u00e9e des cookies ou de certains types de cookies, vous pouvez modifier les param\u00e8tres de votre navigateur pour supprimer les cookies qui ont d\u00e9j\u00e0 \u00e9t\u00e9 d\u00e9finis et pour ne pas accepter de nouveaux cookies. Pour en savoir plus sur la fa\u00e7on de proc\u00e9der ou pour en savoir plus sur les cookies, visitez <a href=\"https:\/\/www.internetcookies.org\" target=\"_blank\" rel=\"noopener noreferrer\">internetcookies.org<\/a><\/p>\n<p>Veuillez toutefois noter que si vous supprimez les cookies ou si vous ne les acceptez pas, vous pourriez ne pas \u00eatre en mesure d&rsquo;utiliser toutes les fonctions offertes par notre site Web et nos services.<\/p>\n<h2>Modifications et amendements<\/h2>\n<p>Nous nous r\u00e9servons le droit de modifier \u00e0 tout moment la pr\u00e9sente Politique relative au Site Web ou aux Services, avec effet d\u00e8s la publication d&rsquo;une version mise \u00e0 jour de la pr\u00e9sente Politique sur le Site Web. Lorsque nous le ferons, nous r\u00e9viserons la date de mise \u00e0 jour au bas de cette page. La poursuite de l&rsquo;utilisation du site Web apr\u00e8s de telles modifications constitue votre consentement \u00e0 ces modifications.<\/p>\n<h2>Acceptation de cette politique<\/h2>\n<p>Vous reconnaissez avoir lu la pr\u00e9sente politique et en accepter toutes les conditions. En utilisant le site Web ou ses services, vous acceptez d&rsquo;\u00eatre li\u00e9 par la pr\u00e9sente politique. Si vous n&rsquo;acceptez pas de respecter les conditions de la pr\u00e9sente politique, vous n&rsquo;\u00eates pas autoris\u00e9 \u00e0 utiliser ou \u00e0 acc\u00e9der au site Web et \u00e0 ses services.<\/p>\n<h2>Nous contacter<\/h2>\n<p>Si vous souhaitez nous contacter pour en savoir plus sur la pr\u00e9sente politique ou pour toute question relative \u00e0 notre utilisation des cookies, vous pouvez le faire via le formulaire de contact <a href=\"https:\/\/firstquintile.com\/fr\/contact\/\" target=\"_blank\" rel=\"nofollow noopener noreferrer\">formulaire de contact<\/a><\/p>\n<p>Ce document a \u00e9t\u00e9 mis \u00e0 jour le 26 d\u00e9cembre 2019.<\/p>\n<p>[\/et_pb_text][\/et_pb_column][\/et_pb_row][\/et_pb_section]<\/p>\n","protected":false},"excerpt":{"rendered":"<p><div class=\"et_pb_row et_pb_row_0 et_pb_row_empty\">\n\t\t\t\t\n\t\t\t\t\n\t\t\t\t\n\t\t\t\t\n\t\t\t\t\n\t\t\t<\/div> Politique du cookieCette politique en mati\u00e8re de cookies (\u00a0\u00bb Politique \u00ab\u00a0) d\u00e9crit ce que sont les cookies et comment l&rsquo;Op\u00e9rateur du site Web (\u00a0\u00bb Exploitant du site Web \u00ab\u00a0, \u00a0\u00bb nous \u00ab\u00a0, \u00a0\u00bb notre \u00a0\u00bb ou \u00a0\u00bb nos \u00ab\u00a0) les utilise sur le site Web firstquintile.com et sur l&rsquo;un de ses produits ou services [&hellip;]<\/p>\n","protected":false},"author":1,"featured_media":0,"parent":0,"menu_order":0,"comment_status":"closed","ping_status":"closed","template":"","meta":{"_et_pb_use_builder":"on","_et_pb_old_content":"","_et_gb_content_width":"","footnotes":""},"class_list":["post-5310","page","type-page","status-publish","hentry"],"yoast_head":"<!-- This site is optimized with the Yoast SEO plugin v27.1.1 - https:\/\/yoast.com\/product\/yoast-seo-wordpress\/ -->\n<title>FirstQuintile &#187; Politique des cookies<\/title>\n<meta name=\"robots\" content=\"index, follow, max-snippet:-1, max-image-preview:large, max-video-preview:-1\" \/>\n<link rel=\"canonical\" href=\"https:\/\/firstquintile.com\/fr\/politique-des-cookies\/\" \/>\n<meta property=\"og:locale\" content=\"fr_FR\" \/>\n<meta property=\"og:type\" content=\"article\" \/>\n<meta property=\"og:title\" content=\"FirstQuintile &#187; Politique des cookies\" \/>\n<meta property=\"og:description\" content=\"Politique du cookieCette politique en mati\u00e8re de cookies (&quot; Politique &quot;) d\u00e9crit ce que sont les cookies et comment l&#039;Op\u00e9rateur du site Web (&quot; Exploitant du site Web &quot;, &quot; nous &quot;, &quot; notre &quot; ou &quot; nos &quot;) les utilise sur le site Web firstquintile.com et sur l&#039;un de ses produits ou services [&hellip;]\" \/>\n<meta property=\"og:url\" content=\"https:\/\/firstquintile.com\/fr\/politique-des-cookies\/\" \/>\n<meta property=\"og:site_name\" content=\"FirstQuintile Information Technologies\" \/>\n<meta property=\"article:modified_time\" content=\"2020-04-29T16:56:08+00:00\" \/>\n<meta property=\"og:image\" content=\"https:\/\/firstquintile.com\/wp-content\/uploads\/2023\/02\/FirstQuintile-Consulting-Canada-1.png\" \/>\n\t<meta property=\"og:image:width\" content=\"800\" \/>\n\t<meta property=\"og:image:height\" content=\"539\" \/>\n\t<meta property=\"og:image:type\" content=\"image\/png\" \/>\n<meta name=\"twitter:label1\" content=\"Dur\u00e9e de lecture estim\u00e9e\" \/>\n\t<meta name=\"twitter:data1\" content=\"8 minutes\" \/>\n<script type=\"application\/ld+json\" class=\"yoast-schema-graph\">{\"@context\":\"https:\/\/schema.org\",\"@graph\":[{\"@type\":\"WebPage\",\"@id\":\"https:\/\/firstquintile.com\/fr\/politique-des-cookies\/\",\"url\":\"https:\/\/firstquintile.com\/fr\/politique-des-cookies\/\",\"name\":\"FirstQuintile &#187; Politique des cookies\",\"isPartOf\":{\"@id\":\"https:\/\/firstquintile.com\/fr\/#website\"},\"datePublished\":\"2020-04-29T16:50:27+00:00\",\"dateModified\":\"2020-04-29T16:56:08+00:00\",\"inLanguage\":\"fr-FR\",\"potentialAction\":[{\"@type\":\"ReadAction\",\"target\":[\"https:\/\/firstquintile.com\/fr\/politique-des-cookies\/\"]}]},{\"@type\":\"WebSite\",\"@id\":\"https:\/\/firstquintile.com\/fr\/#website\",\"url\":\"https:\/\/firstquintile.com\/fr\/\",\"name\":\"FirstQuintile Information Technologies\",\"description\":\"Technology Consulting, Business &amp; Engineering\",\"publisher\":{\"@id\":\"https:\/\/firstquintile.com\/fr\/#organization\"},\"potentialAction\":[{\"@type\":\"SearchAction\",\"target\":{\"@type\":\"EntryPoint\",\"urlTemplate\":\"https:\/\/firstquintile.com\/fr\/?s={search_term_string}\"},\"query-input\":{\"@type\":\"PropertyValueSpecification\",\"valueRequired\":true,\"valueName\":\"search_term_string\"}}],\"inLanguage\":\"fr-FR\"},{\"@type\":\"Organization\",\"@id\":\"https:\/\/firstquintile.com\/fr\/#organization\",\"name\":\"FirstQuintile Information Technologies\",\"url\":\"https:\/\/firstquintile.com\/fr\/\",\"logo\":{\"@type\":\"ImageObject\",\"inLanguage\":\"fr-FR\",\"@id\":\"https:\/\/firstquintile.com\/fr\/#\/schema\/logo\/image\/\",\"url\":\"https:\/\/firstquintile.com\/wp-content\/uploads\/2023\/03\/firstquintile-logo-2023-1.png\",\"contentUrl\":\"https:\/\/firstquintile.com\/wp-content\/uploads\/2023\/03\/firstquintile-logo-2023-1.png\",\"width\":650,\"height\":200,\"caption\":\"FirstQuintile Information Technologies\"},\"image\":{\"@id\":\"https:\/\/firstquintile.com\/fr\/#\/schema\/logo\/image\/\"}}]}<\/script>\n<!-- \/ Yoast SEO plugin. -->","yoast_head_json":{"title":"FirstQuintile &#187; Politique des cookies","robots":{"index":"index","follow":"follow","max-snippet":"max-snippet:-1","max-image-preview":"max-image-preview:large","max-video-preview":"max-video-preview:-1"},"canonical":"https:\/\/firstquintile.com\/fr\/politique-des-cookies\/","og_locale":"fr_FR","og_type":"article","og_title":"FirstQuintile &#187; Politique des cookies","og_description":"Politique du cookieCette politique en mati\u00e8re de cookies (\" Politique \") d\u00e9crit ce que sont les cookies et comment l'Op\u00e9rateur du site Web (\" Exploitant du site Web \", \" nous \", \" notre \" ou \" nos \") les utilise sur le site Web firstquintile.com et sur l'un de ses produits ou services [&hellip;]","og_url":"https:\/\/firstquintile.com\/fr\/politique-des-cookies\/","og_site_name":"FirstQuintile Information Technologies","article_modified_time":"2020-04-29T16:56:08+00:00","og_image":[{"width":800,"height":539,"url":"https:\/\/firstquintile.com\/wp-content\/uploads\/2023\/02\/FirstQuintile-Consulting-Canada-1.png","type":"image\/png"}],"twitter_misc":{"Dur\u00e9e de lecture estim\u00e9e":"8 minutes"},"schema":{"@context":"https:\/\/schema.org","@graph":[{"@type":"WebPage","@id":"https:\/\/firstquintile.com\/fr\/politique-des-cookies\/","url":"https:\/\/firstquintile.com\/fr\/politique-des-cookies\/","name":"FirstQuintile &#187; Politique des cookies","isPartOf":{"@id":"https:\/\/firstquintile.com\/fr\/#website"},"datePublished":"2020-04-29T16:50:27+00:00","dateModified":"2020-04-29T16:56:08+00:00","inLanguage":"fr-FR","potentialAction":[{"@type":"ReadAction","target":["https:\/\/firstquintile.com\/fr\/politique-des-cookies\/"]}]},{"@type":"WebSite","@id":"https:\/\/firstquintile.com\/fr\/#website","url":"https:\/\/firstquintile.com\/fr\/","name":"FirstQuintile Information Technologies","description":"Technology Consulting, Business &amp; Engineering","publisher":{"@id":"https:\/\/firstquintile.com\/fr\/#organization"},"potentialAction":[{"@type":"SearchAction","target":{"@type":"EntryPoint","urlTemplate":"https:\/\/firstquintile.com\/fr\/?s={search_term_string}"},"query-input":{"@type":"PropertyValueSpecification","valueRequired":true,"valueName":"search_term_string"}}],"inLanguage":"fr-FR"},{"@type":"Organization","@id":"https:\/\/firstquintile.com\/fr\/#organization","name":"FirstQuintile Information Technologies","url":"https:\/\/firstquintile.com\/fr\/","logo":{"@type":"ImageObject","inLanguage":"fr-FR","@id":"https:\/\/firstquintile.com\/fr\/#\/schema\/logo\/image\/","url":"https:\/\/firstquintile.com\/wp-content\/uploads\/2023\/03\/firstquintile-logo-2023-1.png","contentUrl":"https:\/\/firstquintile.com\/wp-content\/uploads\/2023\/03\/firstquintile-logo-2023-1.png","width":650,"height":200,"caption":"FirstQuintile Information Technologies"},"image":{"@id":"https:\/\/firstquintile.com\/fr\/#\/schema\/logo\/image\/"}}]}},"_links":{"self":[{"href":"https:\/\/firstquintile.com\/fr\/wp-json\/wp\/v2\/pages\/5310","targetHints":{"allow":["GET"]}}],"collection":[{"href":"https:\/\/firstquintile.com\/fr\/wp-json\/wp\/v2\/pages"}],"about":[{"href":"https:\/\/firstquintile.com\/fr\/wp-json\/wp\/v2\/types\/page"}],"author":[{"embeddable":true,"href":"https:\/\/firstquintile.com\/fr\/wp-json\/wp\/v2\/users\/1"}],"replies":[{"embeddable":true,"href":"https:\/\/firstquintile.com\/fr\/wp-json\/wp\/v2\/comments?post=5310"}],"version-history":[{"count":1,"href":"https:\/\/firstquintile.com\/fr\/wp-json\/wp\/v2\/pages\/5310\/revisions"}],"predecessor-version":[{"id":5313,"href":"https:\/\/firstquintile.com\/fr\/wp-json\/wp\/v2\/pages\/5310\/revisions\/5313"}],"wp:attachment":[{"href":"https:\/\/firstquintile.com\/fr\/wp-json\/wp\/v2\/media?parent=5310"}],"curies":[{"name":"wp","href":"https:\/\/api.w.org\/{rel}","templated":true}]}}