{"id":5297,"date":"2020-04-29T10:49:03","date_gmt":"2020-04-29T14:49:03","guid":{"rendered":"https:\/\/www.firstquintile.com\/bientot-disponible\/"},"modified":"2023-03-19T08:43:09","modified_gmt":"2023-03-19T12:43:09","slug":"bientot-disponible","status":"publish","type":"page","link":"https:\/\/firstquintile.com\/fr\/bientot-disponible\/","title":{"rendered":"Bient\u00f4t disponible"},"content":{"rendered":"<p>[et_pb_section bb_built=\u00a0\u00bb1&Prime; inner_width=\u00a0\u00bbauto\u00a0\u00bb inner_max_width=\u00a0\u00bb1080px\u00a0\u00bb][et_pb_row _builder_version=\u00a0\u00bb4.20.2&Prime; background_pattern_color=\u00a0\u00bbrgba(0,0,0,0.2)\u00a0\u00bb background_mask_color=\u00a0\u00bb#ffffff\u00a0\u00bb custom_margin=\u00a0\u00bb||0px|\u00a0\u00bb custom_padding=\u00a0\u00bb||0px|\u00a0\u00bb box_shadow_horizontal_tablet=\u00a0\u00bb0px\u00a0\u00bb box_shadow_vertical_tablet=\u00a0\u00bb0px\u00a0\u00bb box_shadow_blur_tablet=\u00a0\u00bb40px\u00a0\u00bb box_shadow_spread_tablet=\u00a0\u00bb0px\u00a0\u00bb vertical_offset_tablet=\u00a0\u00bb0&Prime; horizontal_offset_tablet=\u00a0\u00bb0&Prime; z_index_tablet=\u00a0\u00bb0&Prime;][et_pb_column type=\u00a0\u00bb2_3&Prime; custom_padding__hover=\u00a0\u00bb|||\u00a0\u00bb custom_padding=\u00a0\u00bb|||\u00a0\u00bb][et_pb_text _builder_version=\u00a0\u00bb4.20.2&Prime; text_text_shadow_horizontal_length=\u00a0\u00bbtext_text_shadow_style,%91object Object%93&Prime; text_text_shadow_horizontal_length_tablet=\u00a0\u00bb0px\u00a0\u00bb text_text_shadow_vertical_length=\u00a0\u00bbtext_text_shadow_style,%91object Object%93&Prime; text_text_shadow_vertical_length_tablet=\u00a0\u00bb0px\u00a0\u00bb text_text_shadow_blur_strength=\u00a0\u00bbtext_text_shadow_style,%91object Object%93&Prime; text_text_shadow_blur_strength_tablet=\u00a0\u00bb1px\u00a0\u00bb link_text_shadow_horizontal_length=\u00a0\u00bblink_text_shadow_style,%91object Object%93&Prime; link_text_shadow_horizontal_length_tablet=\u00a0\u00bb0px\u00a0\u00bb link_text_shadow_vertical_length=\u00a0\u00bblink_text_shadow_style,%91object Object%93&Prime; link_text_shadow_vertical_length_tablet=\u00a0\u00bb0px\u00a0\u00bb link_text_shadow_blur_strength=\u00a0\u00bblink_text_shadow_style,%91object Object%93&Prime; link_text_shadow_blur_strength_tablet=\u00a0\u00bb1px\u00a0\u00bb ul_text_shadow_horizontal_length=\u00a0\u00bbul_text_shadow_style,%91object Object%93&Prime; ul_text_shadow_horizontal_length_tablet=\u00a0\u00bb0px\u00a0\u00bb ul_text_shadow_vertical_length=\u00a0\u00bbul_text_shadow_style,%91object Object%93&Prime; ul_text_shadow_vertical_length_tablet=\u00a0\u00bb0px\u00a0\u00bb ul_text_shadow_blur_strength=\u00a0\u00bbul_text_shadow_style,%91object Object%93&Prime; ul_text_shadow_blur_strength_tablet=\u00a0\u00bb1px\u00a0\u00bb ol_text_shadow_horizontal_length=\u00a0\u00bbol_text_shadow_style,%91object Object%93&Prime; ol_text_shadow_horizontal_length_tablet=\u00a0\u00bb0px\u00a0\u00bb ol_text_shadow_vertical_length=\u00a0\u00bbol_text_shadow_style,%91object Object%93&Prime; ol_text_shadow_vertical_length_tablet=\u00a0\u00bb0px\u00a0\u00bb ol_text_shadow_blur_strength=\u00a0\u00bbol_text_shadow_style,%91object Object%93&Prime; ol_text_shadow_blur_strength_tablet=\u00a0\u00bb1px\u00a0\u00bb quote_text_shadow_horizontal_length=\u00a0\u00bbquote_text_shadow_style,%91object Object%93&Prime; quote_text_shadow_horizontal_length_tablet=\u00a0\u00bb0px\u00a0\u00bb quote_text_shadow_vertical_length=\u00a0\u00bbquote_text_shadow_style,%91object Object%93&Prime; quote_text_shadow_vertical_length_tablet=\u00a0\u00bb0px\u00a0\u00bb quote_text_shadow_blur_strength=\u00a0\u00bbquote_text_shadow_style,%91object Object%93&Prime; quote_text_shadow_blur_strength_tablet=\u00a0\u00bb1px\u00a0\u00bb header_text_shadow_horizontal_length=\u00a0\u00bbheader_text_shadow_style,%91object Object%93&Prime; header_text_shadow_horizontal_length_tablet=\u00a0\u00bb0px\u00a0\u00bb header_text_shadow_vertical_length=\u00a0\u00bbheader_text_shadow_style,%91object Object%93&Prime; header_text_shadow_vertical_length_tablet=\u00a0\u00bb0px\u00a0\u00bb header_text_shadow_blur_strength=\u00a0\u00bbheader_text_shadow_style,%91object Object%93&Prime; header_text_shadow_blur_strength_tablet=\u00a0\u00bb1px\u00a0\u00bb header_2_text_shadow_horizontal_length=\u00a0\u00bbheader_2_text_shadow_style,%91object Object%93&Prime; header_2_text_shadow_horizontal_length_tablet=\u00a0\u00bb0px\u00a0\u00bb header_2_text_shadow_vertical_length=\u00a0\u00bbheader_2_text_shadow_style,%91object Object%93&Prime; header_2_text_shadow_vertical_length_tablet=\u00a0\u00bb0px\u00a0\u00bb header_2_text_shadow_blur_strength=\u00a0\u00bbheader_2_text_shadow_style,%91object Object%93&Prime; header_2_text_shadow_blur_strength_tablet=\u00a0\u00bb1px\u00a0\u00bb header_3_text_shadow_horizontal_length=\u00a0\u00bbheader_3_text_shadow_style,%91object Object%93&Prime; header_3_text_shadow_horizontal_length_tablet=\u00a0\u00bb0px\u00a0\u00bb header_3_text_shadow_vertical_length=\u00a0\u00bbheader_3_text_shadow_style,%91object Object%93&Prime; header_3_text_shadow_vertical_length_tablet=\u00a0\u00bb0px\u00a0\u00bb header_3_text_shadow_blur_strength=\u00a0\u00bbheader_3_text_shadow_style,%91object Object%93&Prime; header_3_text_shadow_blur_strength_tablet=\u00a0\u00bb1px\u00a0\u00bb header_4_text_shadow_horizontal_length=\u00a0\u00bbheader_4_text_shadow_style,%91object Object%93&Prime; header_4_text_shadow_horizontal_length_tablet=\u00a0\u00bb0px\u00a0\u00bb header_4_text_shadow_vertical_length=\u00a0\u00bbheader_4_text_shadow_style,%91object Object%93&Prime; header_4_text_shadow_vertical_length_tablet=\u00a0\u00bb0px\u00a0\u00bb header_4_text_shadow_blur_strength=\u00a0\u00bbheader_4_text_shadow_style,%91object Object%93&Prime; header_4_text_shadow_blur_strength_tablet=\u00a0\u00bb1px\u00a0\u00bb header_5_text_shadow_horizontal_length=\u00a0\u00bbheader_5_text_shadow_style,%91object Object%93&Prime; header_5_text_shadow_horizontal_length_tablet=\u00a0\u00bb0px\u00a0\u00bb header_5_text_shadow_vertical_length=\u00a0\u00bbheader_5_text_shadow_style,%91object Object%93&Prime; header_5_text_shadow_vertical_length_tablet=\u00a0\u00bb0px\u00a0\u00bb header_5_text_shadow_blur_strength=\u00a0\u00bbheader_5_text_shadow_style,%91object Object%93&Prime; header_5_text_shadow_blur_strength_tablet=\u00a0\u00bb1px\u00a0\u00bb header_6_text_shadow_horizontal_length=\u00a0\u00bbheader_6_text_shadow_style,%91object Object%93&Prime; header_6_text_shadow_horizontal_length_tablet=\u00a0\u00bb0px\u00a0\u00bb header_6_text_shadow_vertical_length=\u00a0\u00bbheader_6_text_shadow_style,%91object Object%93&Prime; header_6_text_shadow_vertical_length_tablet=\u00a0\u00bb0px\u00a0\u00bb header_6_text_shadow_blur_strength=\u00a0\u00bbheader_6_text_shadow_style,%91object Object%93&Prime; header_6_text_shadow_blur_strength_tablet=\u00a0\u00bb1px\u00a0\u00bb box_shadow_horizontal_tablet=\u00a0\u00bb0px\u00a0\u00bb box_shadow_vertical_tablet=\u00a0\u00bb0px\u00a0\u00bb box_shadow_blur_tablet=\u00a0\u00bb40px\u00a0\u00bb box_shadow_spread_tablet=\u00a0\u00bb0px\u00a0\u00bb vertical_offset_tablet=\u00a0\u00bb0&Prime; horizontal_offset_tablet=\u00a0\u00bb0&Prime; z_index_tablet=\u00a0\u00bb0&Prime; background_pattern_color=\u00a0\u00bbrgba(0,0,0,0.2)\u00a0\u00bb background_mask_color=\u00a0\u00bb#ffffff\u00a0\u00bb]<\/p>\n<h2 style=\"text-align: center;\">Ce site web est actuellement en cours de d\u00e9veloppement ou disponible \u00e0 l&rsquo;achat.<br \/>Veuillez nous contacter pour plus d&rsquo;informations.<\/h2>\n<p><img decoding=\"async\" class=\"aligncenter\" src=\"https:\/\/firstquintile.com\/wp-content\/uploads\/2019\/01\/firstquintile_bientot.jpg\" \/><\/p>\n<div align=\"center\">\u00a0<\/div>\n<div align=\"center\">Projet Web FirstQuintile.com en cours de construction<\/div>\n<p>[\/et_pb_text][et_pb_button admin_label=\u00a0\u00bbContact us\u00a0\u00bb _builder_version=\u00a0\u00bb4.20.2&Prime; button_text=\u00a0\u00bbContactez\u00a0\u00bb button_url=\u00a0\u00bbhttps:\/\/firstquintile.com\/fr\/contact\/\u00a0\u00bb button_alignment=\u00a0\u00bbcenter\u00a0\u00bb button_text_shadow_horizontal_length=\u00a0\u00bbbutton_text_shadow_style,%91object Object%93&Prime; button_text_shadow_horizontal_length_tablet=\u00a0\u00bb0px\u00a0\u00bb button_text_shadow_vertical_length=\u00a0\u00bbbutton_text_shadow_style,%91object Object%93&Prime; button_text_shadow_vertical_length_tablet=\u00a0\u00bb0px\u00a0\u00bb button_text_shadow_blur_strength=\u00a0\u00bbbutton_text_shadow_style,%91object Object%93&Prime; button_text_shadow_blur_strength_tablet=\u00a0\u00bb1px\u00a0\u00bb box_shadow_horizontal_tablet=\u00a0\u00bb0px\u00a0\u00bb box_shadow_vertical_tablet=\u00a0\u00bb0px\u00a0\u00bb box_shadow_blur_tablet=\u00a0\u00bb40px\u00a0\u00bb box_shadow_spread_tablet=\u00a0\u00bb0px\u00a0\u00bb vertical_offset_tablet=\u00a0\u00bb0&Prime; horizontal_offset_tablet=\u00a0\u00bb0&Prime; z_index_tablet=\u00a0\u00bb0&Prime; \/][\/et_pb_column][et_pb_column type=\u00a0\u00bb1_3&Prime; custom_padding__hover=\u00a0\u00bb|||\u00a0\u00bb custom_padding=\u00a0\u00bb|||\u00a0\u00bb][et_pb_sidebar _builder_version=\u00a0\u00bb4.20.2&Prime; area=\u00a0\u00bbsidebar-1&Prime; orientation=\u00a0\u00bbright\u00a0\u00bb show_border=\u00a0\u00bboff\u00a0\u00bb text_orientation=\u00a0\u00bbcenter\u00a0\u00bb text_shadow_horizontal_length=\u00a0\u00bbtext_shadow_style,%91object Object%93&Prime; text_shadow_horizontal_length_tablet=\u00a0\u00bb0px\u00a0\u00bb text_shadow_vertical_length=\u00a0\u00bbtext_shadow_style,%91object Object%93&Prime; text_shadow_vertical_length_tablet=\u00a0\u00bb0px\u00a0\u00bb text_shadow_blur_strength=\u00a0\u00bbtext_shadow_style,%91object Object%93&Prime; text_shadow_blur_strength_tablet=\u00a0\u00bb1px\u00a0\u00bb header_text_align=\u00a0\u00bbcenter\u00a0\u00bb header_text_shadow_horizontal_length=\u00a0\u00bbheader_text_shadow_style,%91object Object%93&Prime; header_text_shadow_horizontal_length_tablet=\u00a0\u00bb0px\u00a0\u00bb header_text_shadow_vertical_length=\u00a0\u00bbheader_text_shadow_style,%91object Object%93&Prime; header_text_shadow_vertical_length_tablet=\u00a0\u00bb0px\u00a0\u00bb header_text_shadow_blur_strength=\u00a0\u00bbheader_text_shadow_style,%91object Object%93&Prime; header_text_shadow_blur_strength_tablet=\u00a0\u00bb1px\u00a0\u00bb body_text_shadow_horizontal_length=\u00a0\u00bbbody_text_shadow_style,%91object Object%93&Prime; body_text_shadow_horizontal_length_tablet=\u00a0\u00bb0px\u00a0\u00bb body_text_shadow_vertical_length=\u00a0\u00bbbody_text_shadow_style,%91object Object%93&Prime; body_text_shadow_vertical_length_tablet=\u00a0\u00bb0px\u00a0\u00bb body_text_shadow_blur_strength=\u00a0\u00bbbody_text_shadow_style,%91object Object%93&Prime; body_text_shadow_blur_strength_tablet=\u00a0\u00bb1px\u00a0\u00bb box_shadow_horizontal_tablet=\u00a0\u00bb0px\u00a0\u00bb box_shadow_vertical_tablet=\u00a0\u00bb0px\u00a0\u00bb box_shadow_blur_tablet=\u00a0\u00bb40px\u00a0\u00bb box_shadow_spread_tablet=\u00a0\u00bb0px\u00a0\u00bb vertical_offset_tablet=\u00a0\u00bb0&Prime; horizontal_offset_tablet=\u00a0\u00bb0&Prime; z_index_tablet=\u00a0\u00bb0&Prime; \/][\/et_pb_column][\/et_pb_row][\/et_pb_section]<\/p>\n","protected":false},"excerpt":{"rendered":"<p>Ce site web est actuellement en cours de d\u00e9veloppement ou disponible \u00e0 l&rsquo;achat.Veuillez nous contacter pour plus d&rsquo;informations. \u00a0 Projet Web FirstQuintile.com en cours de construction<\/p>\n","protected":false},"author":1,"featured_media":0,"parent":0,"menu_order":0,"comment_status":"closed","ping_status":"closed","template":"","meta":{"_et_pb_use_builder":"on","_et_pb_old_content":"","_et_gb_content_width":"","footnotes":""},"class_list":["post-5297","page","type-page","status-publish","hentry"],"yoast_head":"<!-- This site is optimized with the Yoast SEO plugin v27.1.1 - https:\/\/yoast.com\/product\/yoast-seo-wordpress\/ -->\n<title>FirstQuintile &#187; Bient\u00f4t disponible<\/title>\n<meta name=\"robots\" content=\"index, follow, max-snippet:-1, max-image-preview:large, max-video-preview:-1\" \/>\n<link rel=\"canonical\" href=\"https:\/\/firstquintile.com\/fr\/bientot-disponible\/\" \/>\n<meta property=\"og:locale\" content=\"fr_FR\" \/>\n<meta property=\"og:type\" content=\"article\" \/>\n<meta property=\"og:title\" content=\"FirstQuintile &#187; Bient\u00f4t disponible\" \/>\n<meta property=\"og:description\" content=\"Ce site web est actuellement en cours de d\u00e9veloppement ou disponible \u00e0 l&#039;achat.Veuillez nous contacter pour plus d&#039;informations. \u00a0 Projet Web FirstQuintile.com en cours de construction\" \/>\n<meta property=\"og:url\" content=\"https:\/\/firstquintile.com\/fr\/bientot-disponible\/\" \/>\n<meta property=\"og:site_name\" content=\"FirstQuintile Information Technologies\" \/>\n<meta property=\"article:modified_time\" content=\"2023-03-19T12:43:09+00:00\" \/>\n<meta property=\"og:image\" content=\"https:\/\/firstquintile.com\/wp-content\/uploads\/2019\/01\/firstquintile_bientot.jpg\" \/>\n<meta name=\"twitter:label1\" content=\"Dur\u00e9e de lecture estim\u00e9e\" \/>\n\t<meta name=\"twitter:data1\" content=\"2 minutes\" \/>\n<script type=\"application\/ld+json\" class=\"yoast-schema-graph\">{\"@context\":\"https:\/\/schema.org\",\"@graph\":[{\"@type\":\"WebPage\",\"@id\":\"https:\/\/firstquintile.com\/fr\/bientot-disponible\/\",\"url\":\"https:\/\/firstquintile.com\/fr\/bientot-disponible\/\",\"name\":\"FirstQuintile &#187; Bient\u00f4t disponible\",\"isPartOf\":{\"@id\":\"https:\/\/firstquintile.com\/fr\/#website\"},\"primaryImageOfPage\":{\"@id\":\"https:\/\/firstquintile.com\/fr\/bientot-disponible\/#primaryimage\"},\"image\":{\"@id\":\"https:\/\/firstquintile.com\/fr\/bientot-disponible\/#primaryimage\"},\"thumbnailUrl\":\"https:\/\/firstquintile.com\/wp-content\/uploads\/2019\/01\/firstquintile_bientot.jpg\",\"datePublished\":\"2020-04-29T14:49:03+00:00\",\"dateModified\":\"2023-03-19T12:43:09+00:00\",\"inLanguage\":\"fr-FR\",\"potentialAction\":[{\"@type\":\"ReadAction\",\"target\":[\"https:\/\/firstquintile.com\/fr\/bientot-disponible\/\"]}]},{\"@type\":\"ImageObject\",\"inLanguage\":\"fr-FR\",\"@id\":\"https:\/\/firstquintile.com\/fr\/bientot-disponible\/#primaryimage\",\"url\":\"https:\/\/firstquintile.com\/wp-content\/uploads\/2019\/01\/firstquintile_bientot.jpg\",\"contentUrl\":\"https:\/\/firstquintile.com\/wp-content\/uploads\/2019\/01\/firstquintile_bientot.jpg\"},{\"@type\":\"WebSite\",\"@id\":\"https:\/\/firstquintile.com\/fr\/#website\",\"url\":\"https:\/\/firstquintile.com\/fr\/\",\"name\":\"FirstQuintile Information Technologies\",\"description\":\"Technology Consulting, Business &amp; Engineering\",\"publisher\":{\"@id\":\"https:\/\/firstquintile.com\/fr\/#organization\"},\"potentialAction\":[{\"@type\":\"SearchAction\",\"target\":{\"@type\":\"EntryPoint\",\"urlTemplate\":\"https:\/\/firstquintile.com\/fr\/?s={search_term_string}\"},\"query-input\":{\"@type\":\"PropertyValueSpecification\",\"valueRequired\":true,\"valueName\":\"search_term_string\"}}],\"inLanguage\":\"fr-FR\"},{\"@type\":\"Organization\",\"@id\":\"https:\/\/firstquintile.com\/fr\/#organization\",\"name\":\"FirstQuintile Information Technologies\",\"url\":\"https:\/\/firstquintile.com\/fr\/\",\"logo\":{\"@type\":\"ImageObject\",\"inLanguage\":\"fr-FR\",\"@id\":\"https:\/\/firstquintile.com\/fr\/#\/schema\/logo\/image\/\",\"url\":\"https:\/\/firstquintile.com\/wp-content\/uploads\/2023\/03\/firstquintile-logo-2023-1.png\",\"contentUrl\":\"https:\/\/firstquintile.com\/wp-content\/uploads\/2023\/03\/firstquintile-logo-2023-1.png\",\"width\":650,\"height\":200,\"caption\":\"FirstQuintile Information Technologies\"},\"image\":{\"@id\":\"https:\/\/firstquintile.com\/fr\/#\/schema\/logo\/image\/\"}}]}<\/script>\n<!-- \/ Yoast SEO plugin. -->","yoast_head_json":{"title":"FirstQuintile &#187; Bient\u00f4t disponible","robots":{"index":"index","follow":"follow","max-snippet":"max-snippet:-1","max-image-preview":"max-image-preview:large","max-video-preview":"max-video-preview:-1"},"canonical":"https:\/\/firstquintile.com\/fr\/bientot-disponible\/","og_locale":"fr_FR","og_type":"article","og_title":"FirstQuintile &#187; Bient\u00f4t disponible","og_description":"Ce site web est actuellement en cours de d\u00e9veloppement ou disponible \u00e0 l'achat.Veuillez nous contacter pour plus d'informations. \u00a0 Projet Web FirstQuintile.com en cours de construction","og_url":"https:\/\/firstquintile.com\/fr\/bientot-disponible\/","og_site_name":"FirstQuintile Information Technologies","article_modified_time":"2023-03-19T12:43:09+00:00","og_image":[{"url":"https:\/\/firstquintile.com\/wp-content\/uploads\/2019\/01\/firstquintile_bientot.jpg","type":"","width":"","height":""}],"twitter_misc":{"Dur\u00e9e de lecture estim\u00e9e":"2 minutes"},"schema":{"@context":"https:\/\/schema.org","@graph":[{"@type":"WebPage","@id":"https:\/\/firstquintile.com\/fr\/bientot-disponible\/","url":"https:\/\/firstquintile.com\/fr\/bientot-disponible\/","name":"FirstQuintile &#187; Bient\u00f4t disponible","isPartOf":{"@id":"https:\/\/firstquintile.com\/fr\/#website"},"primaryImageOfPage":{"@id":"https:\/\/firstquintile.com\/fr\/bientot-disponible\/#primaryimage"},"image":{"@id":"https:\/\/firstquintile.com\/fr\/bientot-disponible\/#primaryimage"},"thumbnailUrl":"https:\/\/firstquintile.com\/wp-content\/uploads\/2019\/01\/firstquintile_bientot.jpg","datePublished":"2020-04-29T14:49:03+00:00","dateModified":"2023-03-19T12:43:09+00:00","inLanguage":"fr-FR","potentialAction":[{"@type":"ReadAction","target":["https:\/\/firstquintile.com\/fr\/bientot-disponible\/"]}]},{"@type":"ImageObject","inLanguage":"fr-FR","@id":"https:\/\/firstquintile.com\/fr\/bientot-disponible\/#primaryimage","url":"https:\/\/firstquintile.com\/wp-content\/uploads\/2019\/01\/firstquintile_bientot.jpg","contentUrl":"https:\/\/firstquintile.com\/wp-content\/uploads\/2019\/01\/firstquintile_bientot.jpg"},{"@type":"WebSite","@id":"https:\/\/firstquintile.com\/fr\/#website","url":"https:\/\/firstquintile.com\/fr\/","name":"FirstQuintile Information Technologies","description":"Technology Consulting, Business &amp; Engineering","publisher":{"@id":"https:\/\/firstquintile.com\/fr\/#organization"},"potentialAction":[{"@type":"SearchAction","target":{"@type":"EntryPoint","urlTemplate":"https:\/\/firstquintile.com\/fr\/?s={search_term_string}"},"query-input":{"@type":"PropertyValueSpecification","valueRequired":true,"valueName":"search_term_string"}}],"inLanguage":"fr-FR"},{"@type":"Organization","@id":"https:\/\/firstquintile.com\/fr\/#organization","name":"FirstQuintile Information Technologies","url":"https:\/\/firstquintile.com\/fr\/","logo":{"@type":"ImageObject","inLanguage":"fr-FR","@id":"https:\/\/firstquintile.com\/fr\/#\/schema\/logo\/image\/","url":"https:\/\/firstquintile.com\/wp-content\/uploads\/2023\/03\/firstquintile-logo-2023-1.png","contentUrl":"https:\/\/firstquintile.com\/wp-content\/uploads\/2023\/03\/firstquintile-logo-2023-1.png","width":650,"height":200,"caption":"FirstQuintile Information Technologies"},"image":{"@id":"https:\/\/firstquintile.com\/fr\/#\/schema\/logo\/image\/"}}]}},"_links":{"self":[{"href":"https:\/\/firstquintile.com\/fr\/wp-json\/wp\/v2\/pages\/5297","targetHints":{"allow":["GET"]}}],"collection":[{"href":"https:\/\/firstquintile.com\/fr\/wp-json\/wp\/v2\/pages"}],"about":[{"href":"https:\/\/firstquintile.com\/fr\/wp-json\/wp\/v2\/types\/page"}],"author":[{"embeddable":true,"href":"https:\/\/firstquintile.com\/fr\/wp-json\/wp\/v2\/users\/1"}],"replies":[{"embeddable":true,"href":"https:\/\/firstquintile.com\/fr\/wp-json\/wp\/v2\/comments?post=5297"}],"version-history":[{"count":1,"href":"https:\/\/firstquintile.com\/fr\/wp-json\/wp\/v2\/pages\/5297\/revisions"}],"predecessor-version":[{"id":5961,"href":"https:\/\/firstquintile.com\/fr\/wp-json\/wp\/v2\/pages\/5297\/revisions\/5961"}],"wp:attachment":[{"href":"https:\/\/firstquintile.com\/fr\/wp-json\/wp\/v2\/media?parent=5297"}],"curies":[{"name":"wp","href":"https:\/\/api.w.org\/{rel}","templated":true}]}}